{"id":55,"date":"2025-07-03T22:36:50","date_gmt":"2025-07-03T21:36:50","guid":{"rendered":"https:\/\/lanzarote-escape.com\/legal-notice\/"},"modified":"2025-07-03T22:42:28","modified_gmt":"2025-07-03T21:42:28","slug":"avis-legal","status":"publish","type":"page","link":"https:\/\/lanzarote-escape.com\/fr\/avis-legal\/","title":{"rendered":"Avis L\u00e9gal"},"content":{"rendered":"<section  class='av_textblock_section av-mcnwoef9-6086d154fe31131ec37d491ac1ad7f53 '   itemscope=\"itemscope\" itemtype=\"https:\/\/schema.org\/CreativeWork\" ><div class='avia_textblock'  itemprop=\"text\" ><h1>Avis L\u00e9gal<\/h1>\n<p>Bienvenue sur notre site web ! Nous vous invitons \u00e0 prendre connaissance des informations l\u00e9gales suivantes :<\/p>\n<p><strong> 1. Informations G\u00e9n\u00e9rales<\/strong><br \/>\nConform\u00e9ment \u00e0 la Loi 34\/2002 du 11 juillet, relative aux services de la soci\u00e9t\u00e9 de l&rsquo;information et au commerce \u00e9lectronique (LSSI-CE), nous mettons \u00e0 votre disposition les informations g\u00e9n\u00e9rales concernant ce site web :<br \/>\n\u2022<strong> Nom du titulaire<\/strong> : Julien Passard<br \/>\n\u2022 <strong>NIE<\/strong> : Y5982644J<br \/>\n\u2022 <strong>Adresse<\/strong> : Calle Las Adelfas n\u00ba3, 35508, Costa Teguise, Las Palmas, Espagne<br \/>\n\u2022 <strong>Adresse e-mail de contact<\/strong> : contact@lanzarote-escape.com<br \/>\n\u2022 <strong>Site web<\/strong> : www.lanzarote-escape.com<\/p>\n<p><strong> 2. Conditions G\u00e9n\u00e9rales d&rsquo;Utilisation<\/strong><br \/>\nL&rsquo;acc\u00e8s et l&rsquo;utilisation de ce site web impliquent l&rsquo;acceptation pleine et enti\u00e8re de toutes les conditions g\u00e9n\u00e9rales d&rsquo;utilisation d\u00e9crites ci-apr\u00e8s. Celles-ci pourront \u00eatre modifi\u00e9es \u00e0 tout moment par le titulaire, il est donc recommand\u00e9 de les consulter r\u00e9guli\u00e8rement.<\/p>\n<p><strong> 3. Propri\u00e9t\u00e9 Intellectuelle et Industrielle<\/strong><br \/>\nL&rsquo;ensemble du contenu de ce site web (textes, images, graphiques, logos, ic\u00f4nes, fichiers audio, fichiers vid\u00e9o, logiciels, etc.) est la propri\u00e9t\u00e9 de Julien Passard ou de tiers ayant autoris\u00e9 leur utilisation. Ils sont prot\u00e9g\u00e9s par les lois nationales et internationales sur la propri\u00e9t\u00e9 intellectuelle et industrielle.<br \/>\nToute reproduction, distribution, communication publique et transformation, totale ou partielle, de tout ou partie du contenu de ce site web, \u00e0 des fins commerciales ou non, sur quelque support que ce soit et par quelque moyen technique que ce soit, sans l&rsquo;autorisation pr\u00e9alable et \u00e9crite de Julien Passard, est strictement interdite.<\/p>\n<p><strong> 4. Liens Externes<\/strong><br \/>\nCe site web peut contenir des liens vers d&rsquo;autres sites internet. Julien Passard d\u00e9cline toute responsabilit\u00e9 quant au contenu ou aux pratiques de confidentialit\u00e9 de ces sites externes. La pr\u00e9sence de ces liens ne constitue en aucun cas une approbation ou une recommandation de leur contenu.<\/p>\n<p><strong> 5. Protection des Donn\u00e9es Personnelles<\/strong><br \/>\nConform\u00e9ment au R\u00e8glement G\u00e9n\u00e9ral sur la Protection des Donn\u00e9es (RGPD) et \u00e0 la Loi Organique 3\/2018 du 5 d\u00e9cembre sur la Protection des Donn\u00e9es Personnelles et la garantie des droits num\u00e9riques, nous vous informons que les donn\u00e9es personnelles collect\u00e9es via ce site web seront trait\u00e9es conform\u00e9ment \u00e0 notre Politique de Confidentialit\u00e9. Nous vous invitons \u00e0 la consulter pour en savoir plus sur la mani\u00e8re dont nous collectons, traitons et prot\u00e9geons vos donn\u00e9es.<\/p>\n<p><strong> 6. Politique de Cookies<\/strong><br \/>\nCe site web utilise des cookies pour am\u00e9liorer votre exp\u00e9rience de navigation. Pour plus d&rsquo;informations sur l&rsquo;utilisation des cookies, y compris leur gestion et leur d\u00e9sactivation, veuillez consulter notre Politique de Cookies.<\/p>\n<p><strong> 7. Loi Applicable et Juridiction<\/strong><br \/>\nLe pr\u00e9sent avis l\u00e9gal est r\u00e9gi par la l\u00e9gislation espagnole. Pour la r\u00e9solution de tout litige ou controverse pouvant d\u00e9couler de l&rsquo;utilisation de ce site web, les parties se soumettent express\u00e9ment aux tribunaux et cours de la ville de Las Palmas, sauf si la loi \u00e9tablit une autre juridiction.<\/p>\n<\/div><\/section>\n","protected":false},"excerpt":{"rendered":"","protected":false},"author":1,"featured_media":0,"parent":0,"menu_order":0,"comment_status":"closed","ping_status":"closed","template":"","meta":{"footnotes":""},"class_list":["post-55","page","type-page","status-publish","hentry"],"yoast_head":"<!-- This site is optimized with the Yoast SEO plugin v26.4 - https:\/\/yoast.com\/wordpress\/plugins\/seo\/ -->\n<title>Avis L\u00e9gal - Lanzarote Escape - Apartments in Costa Teguise - Lanzarote<\/title>\n<meta name=\"robots\" content=\"index, follow, max-snippet:-1, max-image-preview:large, max-video-preview:-1\" \/>\n<link rel=\"canonical\" href=\"https:\/\/lanzarote-escape.com\/fr\/avis-legal\/\" \/>\n<meta property=\"og:locale\" content=\"fr_FR\" \/>\n<meta property=\"og:type\" content=\"article\" \/>\n<meta property=\"og:title\" content=\"Avis L\u00e9gal - Lanzarote Escape - Apartments in Costa Teguise - Lanzarote\" \/>\n<meta property=\"og:url\" content=\"https:\/\/lanzarote-escape.com\/fr\/avis-legal\/\" \/>\n<meta property=\"og:site_name\" content=\"Lanzarote Escape - Apartments in Costa Teguise - Lanzarote\" \/>\n<meta property=\"article:modified_time\" content=\"2025-07-03T21:42:28+00:00\" \/>\n<meta name=\"twitter:card\" content=\"summary_large_image\" \/>\n<meta name=\"twitter:label1\" content=\"Dur\u00e9e de lecture estim\u00e9e\" \/>\n\t<meta name=\"twitter:data1\" content=\"3 minutes\" \/>\n<script type=\"application\/ld+json\" class=\"yoast-schema-graph\">{\"@context\":\"https:\/\/schema.org\",\"@graph\":[{\"@type\":\"WebPage\",\"@id\":\"https:\/\/lanzarote-escape.com\/fr\/avis-legal\/\",\"url\":\"https:\/\/lanzarote-escape.com\/fr\/avis-legal\/\",\"name\":\"Avis L\u00e9gal - Lanzarote Escape - Apartments in Costa Teguise - Lanzarote\",\"isPartOf\":{\"@id\":\"https:\/\/lanzarote-escape.com\/fr\/#website\"},\"datePublished\":\"2025-07-03T21:36:50+00:00\",\"dateModified\":\"2025-07-03T21:42:28+00:00\",\"breadcrumb\":{\"@id\":\"https:\/\/lanzarote-escape.com\/fr\/avis-legal\/#breadcrumb\"},\"inLanguage\":\"fr-FR\",\"potentialAction\":[{\"@type\":\"ReadAction\",\"target\":[\"https:\/\/lanzarote-escape.com\/fr\/avis-legal\/\"]}]},{\"@type\":\"BreadcrumbList\",\"@id\":\"https:\/\/lanzarote-escape.com\/fr\/avis-legal\/#breadcrumb\",\"itemListElement\":[{\"@type\":\"ListItem\",\"position\":1,\"name\":\"Home\",\"item\":\"https:\/\/lanzarote-escape.com\/fr\/\"},{\"@type\":\"ListItem\",\"position\":2,\"name\":\"Avis L\u00e9gal\"}]},{\"@type\":\"WebSite\",\"@id\":\"https:\/\/lanzarote-escape.com\/fr\/#website\",\"url\":\"https:\/\/lanzarote-escape.com\/fr\/\",\"name\":\"Lanzarote Escape - Apartments in Costa Teguise - Lanzarote\",\"description\":\"Lanzarote vacation rentals\",\"potentialAction\":[{\"@type\":\"SearchAction\",\"target\":{\"@type\":\"EntryPoint\",\"urlTemplate\":\"https:\/\/lanzarote-escape.com\/fr\/?s={search_term_string}\"},\"query-input\":{\"@type\":\"PropertyValueSpecification\",\"valueRequired\":true,\"valueName\":\"search_term_string\"}}],\"inLanguage\":\"fr-FR\"}]}<\/script>\n<!-- \/ Yoast SEO plugin. -->","yoast_head_json":{"title":"Avis L\u00e9gal - Lanzarote Escape - Apartments in Costa Teguise - Lanzarote","robots":{"index":"index","follow":"follow","max-snippet":"max-snippet:-1","max-image-preview":"max-image-preview:large","max-video-preview":"max-video-preview:-1"},"canonical":"https:\/\/lanzarote-escape.com\/fr\/avis-legal\/","og_locale":"fr_FR","og_type":"article","og_title":"Avis L\u00e9gal - Lanzarote Escape - Apartments in Costa Teguise - Lanzarote","og_url":"https:\/\/lanzarote-escape.com\/fr\/avis-legal\/","og_site_name":"Lanzarote Escape - Apartments in Costa Teguise - Lanzarote","article_modified_time":"2025-07-03T21:42:28+00:00","twitter_card":"summary_large_image","twitter_misc":{"Dur\u00e9e de lecture estim\u00e9e":"3 minutes"},"schema":{"@context":"https:\/\/schema.org","@graph":[{"@type":"WebPage","@id":"https:\/\/lanzarote-escape.com\/fr\/avis-legal\/","url":"https:\/\/lanzarote-escape.com\/fr\/avis-legal\/","name":"Avis L\u00e9gal - Lanzarote Escape - Apartments in Costa Teguise - Lanzarote","isPartOf":{"@id":"https:\/\/lanzarote-escape.com\/fr\/#website"},"datePublished":"2025-07-03T21:36:50+00:00","dateModified":"2025-07-03T21:42:28+00:00","breadcrumb":{"@id":"https:\/\/lanzarote-escape.com\/fr\/avis-legal\/#breadcrumb"},"inLanguage":"fr-FR","potentialAction":[{"@type":"ReadAction","target":["https:\/\/lanzarote-escape.com\/fr\/avis-legal\/"]}]},{"@type":"BreadcrumbList","@id":"https:\/\/lanzarote-escape.com\/fr\/avis-legal\/#breadcrumb","itemListElement":[{"@type":"ListItem","position":1,"name":"Home","item":"https:\/\/lanzarote-escape.com\/fr\/"},{"@type":"ListItem","position":2,"name":"Avis L\u00e9gal"}]},{"@type":"WebSite","@id":"https:\/\/lanzarote-escape.com\/fr\/#website","url":"https:\/\/lanzarote-escape.com\/fr\/","name":"Lanzarote Escape - Apartments in Costa Teguise - Lanzarote","description":"Lanzarote vacation rentals","potentialAction":[{"@type":"SearchAction","target":{"@type":"EntryPoint","urlTemplate":"https:\/\/lanzarote-escape.com\/fr\/?s={search_term_string}"},"query-input":{"@type":"PropertyValueSpecification","valueRequired":true,"valueName":"search_term_string"}}],"inLanguage":"fr-FR"}]}},"_links":{"self":[{"href":"https:\/\/lanzarote-escape.com\/fr\/wp-json\/wp\/v2\/pages\/55","targetHints":{"allow":["GET"]}}],"collection":[{"href":"https:\/\/lanzarote-escape.com\/fr\/wp-json\/wp\/v2\/pages"}],"about":[{"href":"https:\/\/lanzarote-escape.com\/fr\/wp-json\/wp\/v2\/types\/page"}],"author":[{"embeddable":true,"href":"https:\/\/lanzarote-escape.com\/fr\/wp-json\/wp\/v2\/users\/1"}],"replies":[{"embeddable":true,"href":"https:\/\/lanzarote-escape.com\/fr\/wp-json\/wp\/v2\/comments?post=55"}],"version-history":[{"count":4,"href":"https:\/\/lanzarote-escape.com\/fr\/wp-json\/wp\/v2\/pages\/55\/revisions"}],"predecessor-version":[{"id":62,"href":"https:\/\/lanzarote-escape.com\/fr\/wp-json\/wp\/v2\/pages\/55\/revisions\/62"}],"wp:attachment":[{"href":"https:\/\/lanzarote-escape.com\/fr\/wp-json\/wp\/v2\/media?parent=55"}],"curies":[{"name":"wp","href":"https:\/\/api.w.org\/{rel}","templated":true}]}}