{"id":79,"date":"2025-07-03T22:59:56","date_gmt":"2025-07-03T21:59:56","guid":{"rendered":"https:\/\/lanzarote-escape.com\/privacy-policy\/"},"modified":"2025-07-03T23:18:06","modified_gmt":"2025-07-03T22:18:06","slug":"politica-de-privacidad","status":"publish","type":"page","link":"https:\/\/lanzarote-escape.com\/es\/politica-de-privacidad\/","title":{"rendered":"Pol\u00edtica de Privacidad"},"content":{"rendered":"<section  class='av_textblock_section av-mcnxhfkj-d2209aeb2d33ee0f69d23b1d2f6a8ce4 '   itemscope=\"itemscope\" itemtype=\"https:\/\/schema.org\/CreativeWork\" ><div class='avia_textblock'  itemprop=\"text\" ><h1>Pol\u00edtica de Privacidad<\/h1>\n<p>La presente Pol\u00edtica de Privacidad describe la manera en que Julien Passard (en adelante \u00abnosotros\u00bb, \u00abnuestro\u00bb o \u00abnuestros\u00bb) recopila, utiliza y protege la informaci\u00f3n que usted nos proporciona al utilizar nuestro sitio web www.lanzarote-escape.com (en adelante el \u00abSitio\u00bb).<br \/>\nNos comprometemos a proteger su privacidad y sus datos personales de conformidad con el Reglamento General de Protecci\u00f3n de Datos (RGPD) (UE) 2016\/679 del Parlamento Europeo y del Consejo de 27 de abril de 2016, y la Ley Org\u00e1nica espa\u00f1ola 3\/2018 de 5 de diciembre de Protecci\u00f3n de Datos Personales y garant\u00eda de los derechos digitales.<\/p>\n<p><strong>1. \u00bfQui\u00e9nes somos?<\/strong><br \/>\n<strong>\u2022 Nombre del responsable del tratamiento<\/strong>: Julien Passard<br \/>\n\u2022 <strong>NIE<\/strong>: Y5982644J<br \/>\n\u2022 <strong>Direcci\u00f3n<\/strong>: Calle Las Adelfas n\u00ba3, 35508, Costa Teguise, Las Palmas, Espa\u00f1a<br \/>\n\u2022<strong> Direcci\u00f3n de correo electr\u00f3nico de contacto<\/strong>: contact@lanzarote-escape.com<br \/>\n<strong>\u2022 Sitio web<\/strong>: www.lanzarote-escape.com<\/p>\n<p><strong>2. \u00bfQu\u00e9 datos personales recopilamos?<\/strong><br \/>\nPodemos recopilar los siguientes tipos de datos personales:<br \/>\n\u2022<strong> Datos de identificaci\u00f3n<\/strong>: Su nombre y apellidos.<br \/>\n<strong>\u2022 Datos de contacto<\/strong>: Su direcci\u00f3n de correo electr\u00f3nico, n\u00famero de tel\u00e9fono.<br \/>\n<strong>\u2022 Datos de navegaci\u00f3n<\/strong>: Informaci\u00f3n sobre c\u00f3mo utiliza nuestro Sitio, incluyendo su direcci\u00f3n IP, tipo de navegador, p\u00e1ginas visitadas, tiempos de acceso, etc. Estos datos se recopilan a trav\u00e9s de cookies y tecnolog\u00edas similares. Para m\u00e1s detalles, consulte nuestra Pol\u00edtica de Cookies.<br \/>\n<strong>\u2022 Datos que usted nos proporciona voluntariamente<\/strong>: Por ejemplo, cuando rellena un formulario de contacto, deja un comentario, se suscribe a un bolet\u00edn de noticias o nos env\u00eda un correo electr\u00f3nico.<\/p>\n<p><strong>3. \u00bfC\u00f3mo y por qu\u00e9 recopilamos sus datos?<\/strong><br \/>\nRecopilamos sus datos personales de diferentes maneras y con diferentes fines:<br \/>\n<strong>\u2022 Formularios de contacto o de solicitud de informaci\u00f3n<\/strong>: Para responder a sus preguntas, consultas o comentarios. El tratamiento se basa en su consentimiento al enviar el formulario.<br \/>\n<strong>\u2022 Suscripci\u00f3n al bolet\u00edn de noticias<\/strong>: Para enviarle informaci\u00f3n, noticias u ofertas que haya aceptado recibir. El tratamiento se basa en su consentimiento.<br \/>\n<strong>\u2022 An\u00e1lisis de navegaci\u00f3n (a trav\u00e9s de cookies)<\/strong>: Para mejorar el funcionamiento de nuestro Sitio, comprender su uso y personalizar su experiencia. El tratamiento se basa en su consentimiento (para cookies no esenciales) o nuestro inter\u00e9s leg\u00edtimo (para cookies t\u00e9cnicas necesarias para el funcionamiento del sitio).<br \/>\n<strong>\u2022 Gesti\u00f3n de comentarios<\/strong>: Si deja comentarios en nuestro Sitio, recopilamos los datos que aparecen en el formulario de comentarios, as\u00ed como su direcci\u00f3n IP y la cadena de agente de usuario de su navegador para ayudar en la detecci\u00f3n de spam. El tratamiento se basa en su consentimiento y nuestro inter\u00e9s leg\u00edtimo para moderar el contenido.<br \/>\n<strong>\u2022 Cumplimiento de obligaciones legales<\/strong>: Para cumplir con los requisitos legales y reglamentarios aplicables.<\/p>\n<p><strong>4. Base legal del tratamiento de sus datos<\/strong><br \/>\nEl tratamiento de sus datos personales se basa en las siguientes bases legales:<br \/>\n<strong>\u2022 Su consentimiento<\/strong>: Cuando nos da su autorizaci\u00f3n expl\u00edcita para un tratamiento espec\u00edfico (por ejemplo, suscripci\u00f3n al bolet\u00edn de noticias, env\u00edo de un formulario de contacto).<br \/>\n<strong>\u2022 La ejecuci\u00f3n de un contrato:<\/strong> Cuando el tratamiento es necesario para la ejecuci\u00f3n de un contrato que ha celebrado con nosotros o para la ejecuci\u00f3n de medidas precontractuales.<br \/>\n<strong>\u2022 El cumplimiento de una obligaci\u00f3n legal:<\/strong> Cuando la ley nos exige tratar sus datos.<br \/>\n<strong>\u2022 Nuestro inter\u00e9s leg\u00edtimo<\/strong>: Cuando el tratamiento es necesario para nuestros intereses leg\u00edtimos, siempre que estos intereses no prevalezcan sobre sus intereses o sus derechos y libertades fundamentales (por ejemplo, la mejora de nuestros servicios, la prevenci\u00f3n del fraude).<\/p>\n<p><strong>5. \u00bfCu\u00e1nto tiempo conservamos sus datos?<\/strong><br \/>\nSolo conservamos sus datos personales durante el tiempo necesario para la consecuci\u00f3n de los fines para los que fueron recopilados, o para cumplir con nuestras obligaciones legales.<br \/>\n<strong>\u2022 Datos de contacto\/formulario<\/strong>: Conservados el tiempo necesario para procesar su solicitud y durante un per\u00edodo adicional razonable para el seguimiento.<br \/>\n<strong>\u2022 Datos del bolet\u00edn de noticias<\/strong>: Conservados mientras no retire su consentimiento.<br \/>\n<strong>\u2022 Datos de navegaci\u00f3n (cookies)<\/strong>: La duraci\u00f3n de la conservaci\u00f3n de las cookies se especifica en nuestra Pol\u00edtica de Cookies.<br \/>\n<strong>\u2022 Datos relacionados con obligaciones legales<\/strong>: Conservados durante el per\u00edodo exigido por la ley aplicable.<br \/>\nUna vez finalizado el per\u00edodo de conservaci\u00f3n, los datos ser\u00e1n eliminados o anonimizados.<\/p>\n<p><strong>6. \u00bfCon qui\u00e9n compartimos sus datos?<\/strong><br \/>\nNos comprometemos a no vender, intercambiar, alquilar o transferir sus datos personales a terceros sin su consentimiento expl\u00edcito, excepto en los siguientes casos:<br \/>\n<strong>\u2022 Proveedores de servicios<\/strong>: Podemos compartir sus datos con empresas de terceros que nos ayudan a operar nuestro Sitio o a prestar nuestros servicios (por ejemplo, proveedores de alojamiento web, servicios de an\u00e1lisis, plataformas de env\u00edo de correo electr\u00f3nico). Estos proveedores est\u00e1n obligados por contrato a garantizar la seguridad y confidencialidad de sus datos y solo pueden utilizarlos para los fines que les hemos indicado.<br \/>\n<strong>\u2022 Obligaciones legales<\/strong>: Podemos vernos obligados a divulgar su informaci\u00f3n si la ley lo exige o si creemos de buena fe que dicha acci\u00f3n es necesaria para cumplir con una obligaci\u00f3n legal, proteger nuestros derechos o nuestra propiedad, o garantizar la seguridad de nuestros usuarios.<br \/>\n<strong>\u2022 Transferencias internacionales<\/strong>: Si transferimos sus datos personales a pa\u00edses fuera del Espacio Econ\u00f3mico Europeo (EEE) que no ofrecen un nivel equivalente de protecci\u00f3n de datos, implementaremos garant\u00edas adecuadas (por ejemplo, cl\u00e1usulas contractuales tipo de la Comisi\u00f3n Europea) para garantizar la protecci\u00f3n de sus datos.<\/p>\n<p><strong>7. Sus derechos en materia de protecci\u00f3n de datos<\/strong><br \/>\nDe conformidad con el RGPD y la LOPDGDD, usted tiene los siguientes derechos con respecto a sus datos personales:<br \/>\n<strong>\u2022 Derecho de acceso<\/strong>: Obtener la confirmaci\u00f3n de que sus datos est\u00e1n siendo tratados y acceder a dichos datos.<br \/>\n<strong>\u2022 Derecho de rectificaci\u00f3n<\/strong>: Solicitar la correcci\u00f3n de datos inexactos o incompletos.<br \/>\n<strong>\u2022 Derecho de supresi\u00f3n (\u00abderecho al olvido\u00bb)<\/strong>: Solicitar la eliminaci\u00f3n de sus datos en determinadas circunstancias.<br \/>\n<strong>\u2022 Derecho a la limitaci\u00f3n del tratamiento<\/strong>: Solicitar la limitaci\u00f3n del tratamiento de sus datos en determinadas condiciones.<br \/>\n<strong>\u2022 Derecho a la portabilidad de los datos<\/strong>: Recibir los datos que nos ha proporcionado en un formato estructurado, de uso com\u00fan y lectura mec\u00e1nica, y transmitirlos a otro responsable del tratamiento.<br \/>\n<strong>\u2022 Derecho de oposici\u00f3n<\/strong>: Oponerse al tratamiento de sus datos, especialmente por motivos relacionados con su situaci\u00f3n particular o para fines de marketing directo.<br \/>\n<strong>\u2022 Derecho a retirar su consentimiento<\/strong>: Retirar su consentimiento en cualquier momento, sin que ello afecte a la licitud del tratamiento basado en el consentimiento realizado antes de dicha retirada.<br \/>\n<strong>\u2022 Derecho a presentar una reclamaci\u00f3n<\/strong>: Presentar una reclamaci\u00f3n ante la Agencia Espa\u00f1ola de Protecci\u00f3n de Datos (AEPD) si considera que no se han respetado sus derechos.<br \/>\nPara ejercer cualquiera de estos derechos, puede ponerse en contacto con nosotros en la siguiente direcci\u00f3n de correo electr\u00f3nico: contact@lanzarote-escape.com. Le pediremos que acredite su identidad antes de procesar su solicitud.<\/p>\n<p><strong>8. Seguridad de los datos<\/strong><br \/>\nImplementamos medidas t\u00e9cnicas y organizativas adecuadas para proteger sus datos personales contra la p\u00e9rdida, el acceso no autorizado, la divulgaci\u00f3n, la alteraci\u00f3n o la destrucci\u00f3n. Estas medidas incluyen, entre otras, el cifrado de datos, firewalls, controles de acceso f\u00edsicos y l\u00f3gicos, y procedimientos de copia de seguridad.<\/p>\n<p><strong>9. Modificaciones de la Pol\u00edtica de Privacidad<\/strong><br \/>\nNos reservamos el derecho de modificar esta Pol\u00edtica de Privacidad en cualquier momento. Cualquier modificaci\u00f3n entrar\u00e1 en vigor inmediatamente despu\u00e9s de su publicaci\u00f3n en el Sitio. Le animamos a consultar esta p\u00e1gina regularmente para estar al tanto de cualquier actualizaci\u00f3n.<\/p>\n<p><strong>10. Cont\u00e1ctenos<\/strong><br \/>\nSi tiene alguna pregunta o inquietud sobre nuestra Pol\u00edtica de Privacidad o sobre c\u00f3mo tratamos sus datos personales, no dude en ponerse en contacto con nosotros en:<br \/>\n<strong>Julien Passard Direcci\u00f3n de correo electr\u00f3nico<\/strong>: contact@lanzarote-escape.com<\/p>\n<\/div><\/section>\n","protected":false},"excerpt":{"rendered":"","protected":false},"author":1,"featured_media":0,"parent":0,"menu_order":0,"comment_status":"closed","ping_status":"closed","template":"","meta":{"footnotes":""},"class_list":["post-79","page","type-page","status-publish","hentry"],"yoast_head":"<!-- This site is optimized with the Yoast SEO plugin v26.4 - https:\/\/yoast.com\/wordpress\/plugins\/seo\/ -->\n<title>Pol\u00edtica de Privacidad - Lanzarote Escape - Apartamentos en Costa Teguise - Lanzarote<\/title>\n<meta name=\"robots\" content=\"index, follow, max-snippet:-1, max-image-preview:large, max-video-preview:-1\" \/>\n<link rel=\"canonical\" href=\"https:\/\/lanzarote-escape.com\/es\/politica-de-privacidad\/\" \/>\n<meta property=\"og:locale\" content=\"es_ES\" \/>\n<meta property=\"og:type\" content=\"article\" \/>\n<meta property=\"og:title\" content=\"Pol\u00edtica de Privacidad - Lanzarote Escape - Apartamentos en Costa Teguise - Lanzarote\" \/>\n<meta property=\"og:url\" content=\"https:\/\/lanzarote-escape.com\/es\/politica-de-privacidad\/\" \/>\n<meta property=\"og:site_name\" content=\"Lanzarote Escape - Apartamentos en Costa Teguise - Lanzarote\" \/>\n<meta property=\"article:modified_time\" content=\"2025-07-03T22:18:06+00:00\" \/>\n<meta name=\"twitter:card\" content=\"summary_large_image\" \/>\n<meta name=\"twitter:label1\" content=\"Tiempo de lectura\" \/>\n\t<meta name=\"twitter:data1\" content=\"7 minutos\" \/>\n<script type=\"application\/ld+json\" class=\"yoast-schema-graph\">{\"@context\":\"https:\/\/schema.org\",\"@graph\":[{\"@type\":\"WebPage\",\"@id\":\"https:\/\/lanzarote-escape.com\/es\/politica-de-privacidad\/\",\"url\":\"https:\/\/lanzarote-escape.com\/es\/politica-de-privacidad\/\",\"name\":\"Pol\u00edtica de Privacidad - Lanzarote Escape - Apartamentos en Costa Teguise - Lanzarote\",\"isPartOf\":{\"@id\":\"https:\/\/lanzarote-escape.com\/es\/#website\"},\"datePublished\":\"2025-07-03T21:59:56+00:00\",\"dateModified\":\"2025-07-03T22:18:06+00:00\",\"breadcrumb\":{\"@id\":\"https:\/\/lanzarote-escape.com\/es\/politica-de-privacidad\/#breadcrumb\"},\"inLanguage\":\"es\",\"potentialAction\":[{\"@type\":\"ReadAction\",\"target\":[\"https:\/\/lanzarote-escape.com\/es\/politica-de-privacidad\/\"]}]},{\"@type\":\"BreadcrumbList\",\"@id\":\"https:\/\/lanzarote-escape.com\/es\/politica-de-privacidad\/#breadcrumb\",\"itemListElement\":[{\"@type\":\"ListItem\",\"position\":1,\"name\":\"Home\",\"item\":\"https:\/\/lanzarote-escape.com\/es\/\"},{\"@type\":\"ListItem\",\"position\":2,\"name\":\"Pol\u00edtica de Privacidad\"}]},{\"@type\":\"WebSite\",\"@id\":\"https:\/\/lanzarote-escape.com\/es\/#website\",\"url\":\"https:\/\/lanzarote-escape.com\/es\/\",\"name\":\"Lanzarote Escape - Apartamentos en Costa Teguise - Lanzarote\",\"description\":\"Alquiler apartamentos Lanzarote\",\"potentialAction\":[{\"@type\":\"SearchAction\",\"target\":{\"@type\":\"EntryPoint\",\"urlTemplate\":\"https:\/\/lanzarote-escape.com\/es\/?s={search_term_string}\"},\"query-input\":{\"@type\":\"PropertyValueSpecification\",\"valueRequired\":true,\"valueName\":\"search_term_string\"}}],\"inLanguage\":\"es\"}]}<\/script>\n<!-- \/ Yoast SEO plugin. -->","yoast_head_json":{"title":"Pol\u00edtica de Privacidad - Lanzarote Escape - Apartamentos en Costa Teguise - Lanzarote","robots":{"index":"index","follow":"follow","max-snippet":"max-snippet:-1","max-image-preview":"max-image-preview:large","max-video-preview":"max-video-preview:-1"},"canonical":"https:\/\/lanzarote-escape.com\/es\/politica-de-privacidad\/","og_locale":"es_ES","og_type":"article","og_title":"Pol\u00edtica de Privacidad - Lanzarote Escape - Apartamentos en Costa Teguise - Lanzarote","og_url":"https:\/\/lanzarote-escape.com\/es\/politica-de-privacidad\/","og_site_name":"Lanzarote Escape - Apartamentos en Costa Teguise - Lanzarote","article_modified_time":"2025-07-03T22:18:06+00:00","twitter_card":"summary_large_image","twitter_misc":{"Tiempo de lectura":"7 minutos"},"schema":{"@context":"https:\/\/schema.org","@graph":[{"@type":"WebPage","@id":"https:\/\/lanzarote-escape.com\/es\/politica-de-privacidad\/","url":"https:\/\/lanzarote-escape.com\/es\/politica-de-privacidad\/","name":"Pol\u00edtica de Privacidad - Lanzarote Escape - Apartamentos en Costa Teguise - Lanzarote","isPartOf":{"@id":"https:\/\/lanzarote-escape.com\/es\/#website"},"datePublished":"2025-07-03T21:59:56+00:00","dateModified":"2025-07-03T22:18:06+00:00","breadcrumb":{"@id":"https:\/\/lanzarote-escape.com\/es\/politica-de-privacidad\/#breadcrumb"},"inLanguage":"es","potentialAction":[{"@type":"ReadAction","target":["https:\/\/lanzarote-escape.com\/es\/politica-de-privacidad\/"]}]},{"@type":"BreadcrumbList","@id":"https:\/\/lanzarote-escape.com\/es\/politica-de-privacidad\/#breadcrumb","itemListElement":[{"@type":"ListItem","position":1,"name":"Home","item":"https:\/\/lanzarote-escape.com\/es\/"},{"@type":"ListItem","position":2,"name":"Pol\u00edtica de Privacidad"}]},{"@type":"WebSite","@id":"https:\/\/lanzarote-escape.com\/es\/#website","url":"https:\/\/lanzarote-escape.com\/es\/","name":"Lanzarote Escape - Apartamentos en Costa Teguise - Lanzarote","description":"Alquiler apartamentos Lanzarote","potentialAction":[{"@type":"SearchAction","target":{"@type":"EntryPoint","urlTemplate":"https:\/\/lanzarote-escape.com\/es\/?s={search_term_string}"},"query-input":{"@type":"PropertyValueSpecification","valueRequired":true,"valueName":"search_term_string"}}],"inLanguage":"es"}]}},"_links":{"self":[{"href":"https:\/\/lanzarote-escape.com\/es\/wp-json\/wp\/v2\/pages\/79","targetHints":{"allow":["GET"]}}],"collection":[{"href":"https:\/\/lanzarote-escape.com\/es\/wp-json\/wp\/v2\/pages"}],"about":[{"href":"https:\/\/lanzarote-escape.com\/es\/wp-json\/wp\/v2\/types\/page"}],"author":[{"embeddable":true,"href":"https:\/\/lanzarote-escape.com\/es\/wp-json\/wp\/v2\/users\/1"}],"replies":[{"embeddable":true,"href":"https:\/\/lanzarote-escape.com\/es\/wp-json\/wp\/v2\/comments?post=79"}],"version-history":[{"count":3,"href":"https:\/\/lanzarote-escape.com\/es\/wp-json\/wp\/v2\/pages\/79\/revisions"}],"predecessor-version":[{"id":95,"href":"https:\/\/lanzarote-escape.com\/es\/wp-json\/wp\/v2\/pages\/79\/revisions\/95"}],"wp:attachment":[{"href":"https:\/\/lanzarote-escape.com\/es\/wp-json\/wp\/v2\/media?parent=79"}],"curies":[{"name":"wp","href":"https:\/\/api.w.org\/{rel}","templated":true}]}}