{"id":1402,"date":"2025-07-09T12:02:15","date_gmt":"2025-07-09T11:02:15","guid":{"rendered":"https:\/\/lanzarote-escape.com\/accessibility-statement\/"},"modified":"2025-07-17T21:40:37","modified_gmt":"2025-07-17T20:40:37","slug":"declaracion-de-accesibilidad","status":"publish","type":"page","link":"https:\/\/lanzarote-escape.com\/es\/declaracion-de-accesibilidad\/","title":{"rendered":"Declaraci\u00f3n de Accesibilidad"},"content":{"rendered":"<section  class='av_textblock_section av-mcvunfxn-d5f6702921b7536493096d14d839e66f '   itemscope=\"itemscope\" itemtype=\"https:\/\/schema.org\/CreativeWork\" ><div class='avia_textblock'  itemprop=\"text\" ><h1>Declaraci\u00f3n de Accesibilidad<\/h1>\n<p><strong>Julien Emmanuel Fran\u00e7oi Passard &#8211; Lanzarote Escape <\/strong>se ha comprometido a hacer accesible su sitio web, de conformidad con el\u00a0<a href=\"https:\/\/www.boe.es\/diario_boe\/txt.php?id=BOE-A-2018-12699\" target=\"_blank\" rel=\"noreferrer noopener\">Real Decreto 1112\/2018, de 7 de septiembre, sobre accesibilidad de los sitios web y aplicaciones para dispositivos m\u00f3viles del sector p\u00fablico<\/a>.<\/p>\n<p>La presente declaraci\u00f3n de accesibilidad se aplica a <a href=\"https:\/\/lanzarote-escape.com\/\">https:\/\/lamundialcultura.com<\/a><\/p>\n<p><strong>SITUACI\u00d3N DEL CUMPLIMIENTO<\/strong><\/p>\n<p>Este sitio web es\u00a0<strong>plenamente conforme<\/strong>\u00a0con el RD 1112\/2018.<\/p>\n<p><strong>CONTENIDO NO ACCESIBLE<\/strong><\/p>\n<p>Todo el contenido es accesible.<\/p>\n<p><strong>PREPARACI\u00d3N DE LA PRESENTE DECLARACI\u00d3N DE ACCESIBILIDAD<\/strong><\/p>\n<p>La presente declaraci\u00f3n fue preparada el 17 de julio de 2025.<\/p>\n<p>El m\u00e9todo empleado para preparar la declaraci\u00f3n ha sido una autoevaluaci\u00f3n llevada a cabo por el propio organismo.<\/p>\n<p><strong>OBSERVACIONES Y DATOS DE CONTACTO<\/strong><\/p>\n<p>Puede realizar\u00a0<strong>comunicaciones<\/strong>\u00a0sobre requisitos de accesibilidad (art\u00edculo 10.2.a) del RD 1112\/2018) como por ejemplo:<\/p>\n<p>A trav\u00e9s del correo\u00a0<a href=\"mailto:contact@lanzarote-escape.com\">contact@lanzarote-escape.com<\/a><\/p>\n<p>Puede presentar:<\/p>\n<p>En la Solicitud de informaci\u00f3n accesible, se debe concretar, con toda claridad, los hechos, razones y petici\u00f3n que permitan constatar que se trata de una solicitud razonable y leg\u00edtima.<\/p>\n<p>Las comunicaciones, quejas y solicitudes de informaci\u00f3n accesible ser\u00e1n recibidas y tratadas por Julien Emmanuel Fran\u00e7oi Passard &#8211; Lanzarote Escape.<\/p>\n<\/div><\/section>\n","protected":false},"excerpt":{"rendered":"","protected":false},"author":1,"featured_media":0,"parent":0,"menu_order":0,"comment_status":"closed","ping_status":"closed","template":"","meta":{"footnotes":""},"class_list":["post-1402","page","type-page","status-publish","hentry"],"yoast_head":"<!-- This site is optimized with the Yoast SEO plugin v26.4 - https:\/\/yoast.com\/wordpress\/plugins\/seo\/ -->\n<title>Declaraci\u00f3n de Accesibilidad - Lanzarote Escape - Apartamentos en Costa Teguise - Lanzarote<\/title>\n<meta name=\"robots\" content=\"index, follow, max-snippet:-1, max-image-preview:large, max-video-preview:-1\" \/>\n<link rel=\"canonical\" href=\"https:\/\/lanzarote-escape.com\/es\/declaracion-de-accesibilidad\/\" \/>\n<meta property=\"og:locale\" content=\"es_ES\" \/>\n<meta property=\"og:type\" content=\"article\" \/>\n<meta property=\"og:title\" content=\"Declaraci\u00f3n de Accesibilidad - Lanzarote Escape - Apartamentos en Costa Teguise - Lanzarote\" \/>\n<meta property=\"og:url\" content=\"https:\/\/lanzarote-escape.com\/es\/declaracion-de-accesibilidad\/\" \/>\n<meta property=\"og:site_name\" content=\"Lanzarote Escape - Apartamentos en Costa Teguise - Lanzarote\" \/>\n<meta property=\"article:modified_time\" content=\"2025-07-17T20:40:37+00:00\" \/>\n<meta name=\"twitter:card\" content=\"summary_large_image\" \/>\n<meta name=\"twitter:label1\" content=\"Tiempo de lectura\" \/>\n\t<meta name=\"twitter:data1\" content=\"1 minuto\" \/>\n<script type=\"application\/ld+json\" class=\"yoast-schema-graph\">{\"@context\":\"https:\/\/schema.org\",\"@graph\":[{\"@type\":\"WebPage\",\"@id\":\"https:\/\/lanzarote-escape.com\/es\/declaracion-de-accesibilidad\/\",\"url\":\"https:\/\/lanzarote-escape.com\/es\/declaracion-de-accesibilidad\/\",\"name\":\"Declaraci\u00f3n de Accesibilidad - Lanzarote Escape - Apartamentos en Costa Teguise - Lanzarote\",\"isPartOf\":{\"@id\":\"https:\/\/lanzarote-escape.com\/es\/#website\"},\"datePublished\":\"2025-07-09T11:02:15+00:00\",\"dateModified\":\"2025-07-17T20:40:37+00:00\",\"breadcrumb\":{\"@id\":\"https:\/\/lanzarote-escape.com\/es\/declaracion-de-accesibilidad\/#breadcrumb\"},\"inLanguage\":\"es\",\"potentialAction\":[{\"@type\":\"ReadAction\",\"target\":[\"https:\/\/lanzarote-escape.com\/es\/declaracion-de-accesibilidad\/\"]}]},{\"@type\":\"BreadcrumbList\",\"@id\":\"https:\/\/lanzarote-escape.com\/es\/declaracion-de-accesibilidad\/#breadcrumb\",\"itemListElement\":[{\"@type\":\"ListItem\",\"position\":1,\"name\":\"Home\",\"item\":\"https:\/\/lanzarote-escape.com\/es\/\"},{\"@type\":\"ListItem\",\"position\":2,\"name\":\"Declaraci\u00f3n de Accesibilidad\"}]},{\"@type\":\"WebSite\",\"@id\":\"https:\/\/lanzarote-escape.com\/es\/#website\",\"url\":\"https:\/\/lanzarote-escape.com\/es\/\",\"name\":\"Lanzarote Escape - Apartamentos en Costa Teguise - Lanzarote\",\"description\":\"Alquiler apartamentos Lanzarote\",\"potentialAction\":[{\"@type\":\"SearchAction\",\"target\":{\"@type\":\"EntryPoint\",\"urlTemplate\":\"https:\/\/lanzarote-escape.com\/es\/?s={search_term_string}\"},\"query-input\":{\"@type\":\"PropertyValueSpecification\",\"valueRequired\":true,\"valueName\":\"search_term_string\"}}],\"inLanguage\":\"es\"}]}<\/script>\n<!-- \/ Yoast SEO plugin. -->","yoast_head_json":{"title":"Declaraci\u00f3n de Accesibilidad - Lanzarote Escape - Apartamentos en Costa Teguise - Lanzarote","robots":{"index":"index","follow":"follow","max-snippet":"max-snippet:-1","max-image-preview":"max-image-preview:large","max-video-preview":"max-video-preview:-1"},"canonical":"https:\/\/lanzarote-escape.com\/es\/declaracion-de-accesibilidad\/","og_locale":"es_ES","og_type":"article","og_title":"Declaraci\u00f3n de Accesibilidad - Lanzarote Escape - Apartamentos en Costa Teguise - Lanzarote","og_url":"https:\/\/lanzarote-escape.com\/es\/declaracion-de-accesibilidad\/","og_site_name":"Lanzarote Escape - Apartamentos en Costa Teguise - Lanzarote","article_modified_time":"2025-07-17T20:40:37+00:00","twitter_card":"summary_large_image","twitter_misc":{"Tiempo de lectura":"1 minuto"},"schema":{"@context":"https:\/\/schema.org","@graph":[{"@type":"WebPage","@id":"https:\/\/lanzarote-escape.com\/es\/declaracion-de-accesibilidad\/","url":"https:\/\/lanzarote-escape.com\/es\/declaracion-de-accesibilidad\/","name":"Declaraci\u00f3n de Accesibilidad - Lanzarote Escape - Apartamentos en Costa Teguise - Lanzarote","isPartOf":{"@id":"https:\/\/lanzarote-escape.com\/es\/#website"},"datePublished":"2025-07-09T11:02:15+00:00","dateModified":"2025-07-17T20:40:37+00:00","breadcrumb":{"@id":"https:\/\/lanzarote-escape.com\/es\/declaracion-de-accesibilidad\/#breadcrumb"},"inLanguage":"es","potentialAction":[{"@type":"ReadAction","target":["https:\/\/lanzarote-escape.com\/es\/declaracion-de-accesibilidad\/"]}]},{"@type":"BreadcrumbList","@id":"https:\/\/lanzarote-escape.com\/es\/declaracion-de-accesibilidad\/#breadcrumb","itemListElement":[{"@type":"ListItem","position":1,"name":"Home","item":"https:\/\/lanzarote-escape.com\/es\/"},{"@type":"ListItem","position":2,"name":"Declaraci\u00f3n de Accesibilidad"}]},{"@type":"WebSite","@id":"https:\/\/lanzarote-escape.com\/es\/#website","url":"https:\/\/lanzarote-escape.com\/es\/","name":"Lanzarote Escape - Apartamentos en Costa Teguise - Lanzarote","description":"Alquiler apartamentos Lanzarote","potentialAction":[{"@type":"SearchAction","target":{"@type":"EntryPoint","urlTemplate":"https:\/\/lanzarote-escape.com\/es\/?s={search_term_string}"},"query-input":{"@type":"PropertyValueSpecification","valueRequired":true,"valueName":"search_term_string"}}],"inLanguage":"es"}]}},"_links":{"self":[{"href":"https:\/\/lanzarote-escape.com\/es\/wp-json\/wp\/v2\/pages\/1402","targetHints":{"allow":["GET"]}}],"collection":[{"href":"https:\/\/lanzarote-escape.com\/es\/wp-json\/wp\/v2\/pages"}],"about":[{"href":"https:\/\/lanzarote-escape.com\/es\/wp-json\/wp\/v2\/types\/page"}],"author":[{"embeddable":true,"href":"https:\/\/lanzarote-escape.com\/es\/wp-json\/wp\/v2\/users\/1"}],"replies":[{"embeddable":true,"href":"https:\/\/lanzarote-escape.com\/es\/wp-json\/wp\/v2\/comments?post=1402"}],"version-history":[{"count":4,"href":"https:\/\/lanzarote-escape.com\/es\/wp-json\/wp\/v2\/pages\/1402\/revisions"}],"predecessor-version":[{"id":1627,"href":"https:\/\/lanzarote-escape.com\/es\/wp-json\/wp\/v2\/pages\/1402\/revisions\/1627"}],"wp:attachment":[{"href":"https:\/\/lanzarote-escape.com\/es\/wp-json\/wp\/v2\/media?parent=1402"}],"curies":[{"name":"wp","href":"https:\/\/api.w.org\/{rel}","templated":true}]}}