{"id":56,"date":"2025-07-03T22:36:50","date_gmt":"2025-07-03T21:36:50","guid":{"rendered":"https:\/\/lanzarote-escape.com\/legal-notice\/"},"modified":"2025-07-03T22:47:54","modified_gmt":"2025-07-03T21:47:54","slug":"rechtlicher-hinweis","status":"publish","type":"page","link":"https:\/\/lanzarote-escape.com\/de\/rechtlicher-hinweis\/","title":{"rendered":"Rechtlicher Hinweis"},"content":{"rendered":"<section  class='av_textblock_section av-mcnwoef9-6086d154fe31131ec37d491ac1ad7f53 '   itemscope=\"itemscope\" itemtype=\"https:\/\/schema.org\/CreativeWork\" ><div class='avia_textblock'  itemprop=\"text\" ><h1>Rechtlicher Hinweis<\/h1>\n<p>Willkommen auf unserer Webseite! Bitte beachten Sie die folgenden rechtlichen Hinweise:<\/p>\n<p><strong>1. Allgemeine Informationen<\/strong><br \/>\nGem\u00e4\u00df dem Gesetz 34\/2002 vom 11. Juli \u00fcber die Dienste der Informationsgesellschaft und den elektronischen Handel (LSSI-CE) stellen wir Ihnen die allgemeinen Informationen zu dieser Webseite zur Verf\u00fcgung:<br \/>\n\u2022 <strong>Name des Inhabers<\/strong>: Julien Passard<br \/>\n\u2022 <strong>NIE<\/strong>: Y5982644J<br \/>\n\u2022 <strong>Adresse<\/strong>: Calle Las Adelfas n\u00ba3, 35508, Costa Teguise, Las Palmas, Spanien<br \/>\n\u2022<strong> E-Mail-Adresse f\u00fcr Kontakt:<\/strong> contact@lanzarote-escape.com<br \/>\n\u2022 <strong>Website<\/strong>: www.lanzarote-escape.com<\/p>\n<p><strong> 2. Allgemeine Nutzungsbedingungen<\/strong><br \/>\nDer Zugriff auf und die Nutzung dieser Webseite setzen die vollst\u00e4ndige und uneingeschr\u00e4nkte Annahme aller nachstehend beschriebenen allgemeinen Nutzungsbedingungen voraus. Diese k\u00f6nnen jederzeit vom Inhaber ge\u00e4ndert werden, daher wird empfohlen, sie regelm\u00e4\u00dfig zu \u00fcberpr\u00fcfen.<\/p>\n<p><strong> 3. Geistiges und gewerbliches Eigentum<\/strong><br \/>\nDer gesamte Inhalt dieser Webseite (Texte, Bilder, Grafiken, Logos, Icons, Audiodateien, Videodateien, Software usw.) ist Eigentum von Julien Passard oder von Dritten, die deren Nutzung genehmigt haben. Sie sind durch nationale und internationale Gesetze zum geistigen und gewerblichen Eigentum gesch\u00fctzt.<br \/>\nJegliche vollst\u00e4ndige oder teilweise Vervielf\u00e4ltigung, Verbreitung, \u00f6ffentliche Wiedergabe und Umwandlung des Inhalts dieser Webseite zu kommerziellen oder nicht-kommerziellen Zwecken, auf welchem Medium auch immer und mit welchen technischen Mitteln auch immer, ohne die vorherige schriftliche Genehmigung von Julien Passard, ist strengstens untersagt.<\/p>\n<p><strong> 4. Externe Links<\/strong><br \/>\nDiese Webseite kann Links zu anderen Internetseiten enthalten. Julien Passard \u00fcbernimmt keine Verantwortung f\u00fcr den Inhalt oder die Datenschutzpraktiken dieser externen Seiten. Die Pr\u00e4senz dieser Links stellt in keiner Weise eine Billigung oder Empfehlung ihres Inhalts dar.<\/p>\n<p><strong> 5. Datenschutz<\/strong><br \/>\nGem\u00e4\u00df der Datenschutz-Grundverordnung (DSGVO) und dem Organgesetz 3\/2018 vom 5. Dezember \u00fcber den Schutz personenbezogener Daten und die Gew\u00e4hrleistung digitaler Rechte informieren wir Sie, dass die \u00fcber diese Webseite erhobenen personenbezogenen Daten gem\u00e4\u00df unserer Datenschutzerkl\u00e4rung verarbeitet werden. Wir laden Sie ein, diese zu konsultieren, um mehr dar\u00fcber zu erfahren, wie wir Ihre Daten sammeln, verarbeiten und sch\u00fctzen.<\/p>\n<p><strong> 6. Cookie-Richtlinie<\/strong><br \/>\nDiese Website verwendet Cookies, um Ihr Surferlebnis zu verbessern. Weitere Informationen zur Verwendung von Cookies, einschlie\u00dflich deren Verwaltung und Deaktivierung, finden Sie in unserer Cookie-Richtlinie.<\/p>\n<p><strong> 7. Anwendbares Recht und Gerichtsstand<\/strong><br \/>\nDieser rechtliche Hinweis unterliegt der spanischen Gesetzgebung. F\u00fcr die Beilegung jeglicher Streitigkeiten oder Kontroversen, die sich aus der Nutzung dieser Webseite ergeben k\u00f6nnen, unterwerfen sich die Parteien ausdr\u00fccklich den Gerichten der Stadt Las Palmas, es sei denn, das Gesetz sieht eine andere Gerichtsbarkeit vor.<\/p>\n<\/div><\/section>\n","protected":false},"excerpt":{"rendered":"","protected":false},"author":1,"featured_media":0,"parent":0,"menu_order":0,"comment_status":"closed","ping_status":"closed","template":"","meta":{"footnotes":""},"class_list":["post-56","page","type-page","status-publish","hentry"],"yoast_head":"<!-- This site is optimized with the Yoast SEO plugin v26.4 - https:\/\/yoast.com\/wordpress\/plugins\/seo\/ -->\n<title>Rechtlicher Hinweis - Lanzarote Escape - Apartments in Costa Teguise - Lanzarote<\/title>\n<meta name=\"robots\" content=\"index, follow, max-snippet:-1, max-image-preview:large, max-video-preview:-1\" \/>\n<link rel=\"canonical\" href=\"https:\/\/lanzarote-escape.com\/de\/rechtlicher-hinweis\/\" \/>\n<meta property=\"og:locale\" content=\"de_DE\" \/>\n<meta property=\"og:type\" content=\"article\" \/>\n<meta property=\"og:title\" content=\"Rechtlicher Hinweis - Lanzarote Escape - Apartments in Costa Teguise - Lanzarote\" \/>\n<meta property=\"og:url\" content=\"https:\/\/lanzarote-escape.com\/de\/rechtlicher-hinweis\/\" \/>\n<meta property=\"og:site_name\" content=\"Lanzarote Escape - Apartments in Costa Teguise - Lanzarote\" \/>\n<meta property=\"article:modified_time\" content=\"2025-07-03T21:47:54+00:00\" \/>\n<meta name=\"twitter:card\" content=\"summary_large_image\" \/>\n<meta name=\"twitter:label1\" content=\"Gesch\u00e4tzte Lesezeit\" \/>\n\t<meta name=\"twitter:data1\" content=\"2\u00a0Minuten\" \/>\n<script type=\"application\/ld+json\" class=\"yoast-schema-graph\">{\"@context\":\"https:\/\/schema.org\",\"@graph\":[{\"@type\":\"WebPage\",\"@id\":\"https:\/\/lanzarote-escape.com\/de\/rechtlicher-hinweis\/\",\"url\":\"https:\/\/lanzarote-escape.com\/de\/rechtlicher-hinweis\/\",\"name\":\"Rechtlicher Hinweis - Lanzarote Escape - Apartments in Costa Teguise - Lanzarote\",\"isPartOf\":{\"@id\":\"https:\/\/lanzarote-escape.com\/de\/#website\"},\"datePublished\":\"2025-07-03T21:36:50+00:00\",\"dateModified\":\"2025-07-03T21:47:54+00:00\",\"breadcrumb\":{\"@id\":\"https:\/\/lanzarote-escape.com\/de\/rechtlicher-hinweis\/#breadcrumb\"},\"inLanguage\":\"de\",\"potentialAction\":[{\"@type\":\"ReadAction\",\"target\":[\"https:\/\/lanzarote-escape.com\/de\/rechtlicher-hinweis\/\"]}]},{\"@type\":\"BreadcrumbList\",\"@id\":\"https:\/\/lanzarote-escape.com\/de\/rechtlicher-hinweis\/#breadcrumb\",\"itemListElement\":[{\"@type\":\"ListItem\",\"position\":1,\"name\":\"Home\",\"item\":\"https:\/\/lanzarote-escape.com\/de\/\"},{\"@type\":\"ListItem\",\"position\":2,\"name\":\"Rechtlicher Hinweis\"}]},{\"@type\":\"WebSite\",\"@id\":\"https:\/\/lanzarote-escape.com\/de\/#website\",\"url\":\"https:\/\/lanzarote-escape.com\/de\/\",\"name\":\"Lanzarote Escape - Apartments in Costa Teguise - Lanzarote\",\"description\":\"Lanzarote vacation rentals\",\"potentialAction\":[{\"@type\":\"SearchAction\",\"target\":{\"@type\":\"EntryPoint\",\"urlTemplate\":\"https:\/\/lanzarote-escape.com\/de\/?s={search_term_string}\"},\"query-input\":{\"@type\":\"PropertyValueSpecification\",\"valueRequired\":true,\"valueName\":\"search_term_string\"}}],\"inLanguage\":\"de\"}]}<\/script>\n<!-- \/ Yoast SEO plugin. -->","yoast_head_json":{"title":"Rechtlicher Hinweis - Lanzarote Escape - Apartments in Costa Teguise - Lanzarote","robots":{"index":"index","follow":"follow","max-snippet":"max-snippet:-1","max-image-preview":"max-image-preview:large","max-video-preview":"max-video-preview:-1"},"canonical":"https:\/\/lanzarote-escape.com\/de\/rechtlicher-hinweis\/","og_locale":"de_DE","og_type":"article","og_title":"Rechtlicher Hinweis - Lanzarote Escape - Apartments in Costa Teguise - Lanzarote","og_url":"https:\/\/lanzarote-escape.com\/de\/rechtlicher-hinweis\/","og_site_name":"Lanzarote Escape - Apartments in Costa Teguise - Lanzarote","article_modified_time":"2025-07-03T21:47:54+00:00","twitter_card":"summary_large_image","twitter_misc":{"Gesch\u00e4tzte Lesezeit":"2\u00a0Minuten"},"schema":{"@context":"https:\/\/schema.org","@graph":[{"@type":"WebPage","@id":"https:\/\/lanzarote-escape.com\/de\/rechtlicher-hinweis\/","url":"https:\/\/lanzarote-escape.com\/de\/rechtlicher-hinweis\/","name":"Rechtlicher Hinweis - Lanzarote Escape - Apartments in Costa Teguise - Lanzarote","isPartOf":{"@id":"https:\/\/lanzarote-escape.com\/de\/#website"},"datePublished":"2025-07-03T21:36:50+00:00","dateModified":"2025-07-03T21:47:54+00:00","breadcrumb":{"@id":"https:\/\/lanzarote-escape.com\/de\/rechtlicher-hinweis\/#breadcrumb"},"inLanguage":"de","potentialAction":[{"@type":"ReadAction","target":["https:\/\/lanzarote-escape.com\/de\/rechtlicher-hinweis\/"]}]},{"@type":"BreadcrumbList","@id":"https:\/\/lanzarote-escape.com\/de\/rechtlicher-hinweis\/#breadcrumb","itemListElement":[{"@type":"ListItem","position":1,"name":"Home","item":"https:\/\/lanzarote-escape.com\/de\/"},{"@type":"ListItem","position":2,"name":"Rechtlicher Hinweis"}]},{"@type":"WebSite","@id":"https:\/\/lanzarote-escape.com\/de\/#website","url":"https:\/\/lanzarote-escape.com\/de\/","name":"Lanzarote Escape - Apartments in Costa Teguise - Lanzarote","description":"Lanzarote vacation rentals","potentialAction":[{"@type":"SearchAction","target":{"@type":"EntryPoint","urlTemplate":"https:\/\/lanzarote-escape.com\/de\/?s={search_term_string}"},"query-input":{"@type":"PropertyValueSpecification","valueRequired":true,"valueName":"search_term_string"}}],"inLanguage":"de"}]}},"_links":{"self":[{"href":"https:\/\/lanzarote-escape.com\/de\/wp-json\/wp\/v2\/pages\/56","targetHints":{"allow":["GET"]}}],"collection":[{"href":"https:\/\/lanzarote-escape.com\/de\/wp-json\/wp\/v2\/pages"}],"about":[{"href":"https:\/\/lanzarote-escape.com\/de\/wp-json\/wp\/v2\/types\/page"}],"author":[{"embeddable":true,"href":"https:\/\/lanzarote-escape.com\/de\/wp-json\/wp\/v2\/users\/1"}],"replies":[{"embeddable":true,"href":"https:\/\/lanzarote-escape.com\/de\/wp-json\/wp\/v2\/comments?post=56"}],"version-history":[{"count":2,"href":"https:\/\/lanzarote-escape.com\/de\/wp-json\/wp\/v2\/pages\/56\/revisions"}],"predecessor-version":[{"id":65,"href":"https:\/\/lanzarote-escape.com\/de\/wp-json\/wp\/v2\/pages\/56\/revisions\/65"}],"wp:attachment":[{"href":"https:\/\/lanzarote-escape.com\/de\/wp-json\/wp\/v2\/media?parent=56"}],"curies":[{"name":"wp","href":"https:\/\/api.w.org\/{rel}","templated":true}]}}